{"id":11,"date":"2022-04-26T02:08:38","date_gmt":"2022-04-26T02:08:38","guid":{"rendered":"https:\/\/impreza48.us-themes.com\/?page_id=11"},"modified":"2023-04-25T13:30:14","modified_gmt":"2023-04-25T12:30:14","slug":"home","status":"publish","type":"page","link":"https:\/\/einwanderer.org\/","title":{"rendered":"Home"},"content":{"rendered":"<section class=\"l-section wpb_row height_auto width_full\"><div class=\"l-section-h i-cf\"><div class=\"g-cols vc_row via_grid cols_2-1 laptops-cols_inherit tablets-cols_1 mobiles-cols_1 valign_top type_default stacking_default\" style=\"grid-gap:0rem;\"><div class=\"wpb_column vc_column_container us_custom_66385c1b\"><div class=\"vc_column-inner\"><div class=\"w-separator size_huge\"><\/div><h1 class=\"w-text us_custom_cfee2954\"><span class=\"w-text-h\"><span class=\"w-text-value\">Einwanderer Werkstatt f\u00fcr vielf\u00e4ltige Medien<\/span><\/span><\/h1><div class=\"w-separator size_huge\"><\/div><div class=\"w-tabs layout_ver navwidth_30 navpos_left style_trendy switch_click has_scrolling remove_indents\" style=\"--sections-title-size:1.6rem\"><div class=\"w-tabs-list items_1 align_none\" style=\"font-weight:600;line-height:1rem;\"><div class=\"w-tabs-list-h\"><button class=\"w-tabs-item active\" aria-controls=\"content-ua15\" aria-expanded=\"false\"><span class=\"w-tabs-item-title\"><\/span><\/button><\/div><\/div><div class=\"w-tabs-sections titles-align_none icon_chevron cpos_right\"><div class=\"w-tabs-section active\" id=\"ua15\"><button class=\"w-tabs-section-header active\" aria-controls=\"content-ua15\" aria-expanded=\"true\"><h3 class=\"w-tabs-section-title\"><\/h3><div class=\"w-tabs-section-control\"><\/div><\/button><div  class=\"w-tabs-section-content us_custom_29f9693d\" id=\"content-ua15\"><div class=\"w-tabs-section-content-h i-cf\"><div class=\"wpb_text_column us_custom_d89e4085\"><div class=\"wpb_wrapper\"><p><span style=\"font-weight: 400;\">Mit unserer Werkstatt und unserer Arbeit wollen wir Medienschaffende:innen mit Einwanderungsbiografien empowern, wir f\u00f6rdern gegenseitigen Austausch und Unterst\u00fctzung und m\u00f6chten uns f\u00fcr mehr diverses Medienpersonal engagieren, auch Informationen und Handwerkszeug f\u00fcr Medienschaffende:innen mit Einwanderungsgeschichte und Medienh\u00e4user bieten.<\/span><\/p>\n<\/div><\/div><\/div><\/div><\/div><\/div><\/div><div class=\"g-cols wpb_row via_grid cols_2 laptops-cols_inherit tablets-cols_inherit mobiles-cols_1 valign_top type_default stacking_default\"><div class=\"wpb_column vc_column_container\"><div class=\"vc_column-inner\"><div class=\"w-separator size_large\"><\/div><div class=\"w-image us_custom_3b26f501 has_ratio align_none\"><div class=\"w-image-h\"><div style=\"padding-bottom:100%\"><\/div><img loading=\"lazy\" decoding=\"async\" width=\"1024\" height=\"1024\" src=\"https:\/\/einwanderer.org\/wp-content\/uploads\/2023\/04\/Einwanderer-q-1024x1024.png\" class=\"attachment-large size-large\" alt=\"\" srcset=\"https:\/\/einwanderer.org\/wp-content\/uploads\/2023\/04\/Einwanderer-q-1024x1024.png 1024w, https:\/\/einwanderer.org\/wp-content\/uploads\/2023\/04\/Einwanderer-q-300x300.png 300w, https:\/\/einwanderer.org\/wp-content\/uploads\/2023\/04\/Einwanderer-q-150x150.png 150w, https:\/\/einwanderer.org\/wp-content\/uploads\/2023\/04\/Einwanderer-q.png 1135w\" sizes=\"auto, (max-width: 1024px) 100vw, 1024px\" \/><\/div><\/div><\/div><\/div><div class=\"wpb_column vc_column_container\"><div class=\"vc_column-inner\"><div class=\"w-separator size_large\"><\/div><h4 class=\"w-text\"><span class=\"w-text-h\"><span class=\"w-text-value\">Unsere Initiativen&#8230;<\/span><\/span><\/h4><\/div><\/div><\/div><div class=\"g-cols wpb_row via_grid cols_1 laptops-cols_inherit tablets-cols_inherit mobiles-cols_1 valign_top type_default stacking_default\"><div class=\"wpb_column vc_column_container\"><div class=\"vc_column-inner\"><div class=\"w-separator size_medium\"><\/div><\/div><\/div><\/div><\/div><\/div><div class=\"wpb_column vc_column_container us_custom_b740c4e6 hide_on_tablets hide_on_mobiles has_bg_color\"><div class=\"vc_column-inner\"><\/div><\/div><\/div><\/div><\/section>\n","protected":false},"excerpt":{"rendered":"Einwanderer Werkstatt f\u00fcr vielf\u00e4ltige MedienMit unserer Werkstatt und unserer Arbeit wollen wir Medienschaffende:innen mit Einwanderungsbiografien empowern, wir f\u00f6rdern gegenseitigen Austausch und Unterst\u00fctzung und m\u00f6chten uns f\u00fcr mehr diverses Medienpersonal engagieren, auch Informationen und Handwerkszeug f\u00fcr Medienschaffende:innen mit Einwanderungsgeschichte und Medienh\u00e4user bieten. Unsere Initiativen&#8230;","protected":false},"author":1,"featured_media":0,"parent":0,"menu_order":0,"comment_status":"closed","ping_status":"closed","template":"","meta":{"footnotes":""},"class_list":["post-11","page","type-page","status-publish","hentry"],"_links":{"self":[{"href":"https:\/\/einwanderer.org\/index.php?rest_route=\/wp\/v2\/pages\/11","targetHints":{"allow":["GET"]}}],"collection":[{"href":"https:\/\/einwanderer.org\/index.php?rest_route=\/wp\/v2\/pages"}],"about":[{"href":"https:\/\/einwanderer.org\/index.php?rest_route=\/wp\/v2\/types\/page"}],"author":[{"embeddable":true,"href":"https:\/\/einwanderer.org\/index.php?rest_route=\/wp\/v2\/users\/1"}],"replies":[{"embeddable":true,"href":"https:\/\/einwanderer.org\/index.php?rest_route=%2Fwp%2Fv2%2Fcomments&post=11"}],"version-history":[{"count":5,"href":"https:\/\/einwanderer.org\/index.php?rest_route=\/wp\/v2\/pages\/11\/revisions"}],"predecessor-version":[{"id":339,"href":"https:\/\/einwanderer.org\/index.php?rest_route=\/wp\/v2\/pages\/11\/revisions\/339"}],"wp:attachment":[{"href":"https:\/\/einwanderer.org\/index.php?rest_route=%2Fwp%2Fv2%2Fmedia&parent=11"}],"curies":[{"name":"wp","href":"https:\/\/api.w.org\/{rel}","templated":true}]}}